{"id":54,"date":"2019-08-05T08:45:25","date_gmt":"2019-08-05T06:45:25","guid":{"rendered":"http:\/\/kosmetik-gutezeit-eggenstein.de\/?page_id=54"},"modified":"2024-09-25T16:30:25","modified_gmt":"2024-09-25T14:30:25","slug":"leistungen-preise","status":"publish","type":"page","link":"https:\/\/kosmetik-gutezeit-eggenstein.de\/?page_id=54","title":{"rendered":"Leistungen &#038; Preise"},"content":{"rendered":"\n<h2 class=\"has-text-align-center\"><em>Gutscheine aller Art erh\u00e4ltlich.<\/em><\/h2>\n\n\n\n<div class=\"wp-block-group\"><div class=\"wp-block-group__inner-container\">\n<div class=\"wp-block-columns\">\n<div class=\"wp-block-column\" style=\"flex-basis:100%\">\n<div class=\"wp-block-columns\">\n<div class=\"wp-block-column\" style=\"flex-basis:100%\">\n<div class=\"wp-block-group\"><div class=\"wp-block-group__inner-container\">\n<figure class=\"wp-block-table is-style-stripes\"><table class=\"has-background\" style=\"background-color:#e9fbe5\"><tbody><tr><td class=\"has-text-align-left\" data-align=\"left\"><strong>F\u00fc\u00dfe und H\u00e4nde<\/strong><\/td><\/tr><tr><td class=\"has-text-align-left\" data-align=\"left\">Pedik\u00fcre: 38.- <br><br>Pedik\u00fcre mit Lack: 45.- <br><br>Manik\u00fcre: 30.- <br><br>Manik\u00fcre mit Lack: 35.- <\/td><\/tr><tr><td class=\"has-text-align-left\" data-align=\"left\"><strong>Dies und Das<\/strong><\/td><\/tr><tr><td class=\"has-text-align-left\" data-align=\"left\">Wimpern f\u00e4rben: 13.- <br><br>Augenbrauen f\u00e4rben: 13.- <br><br>Wimpern &amp; Brauen f\u00e4rben: 20.- <br><br>Augenbrauenkorrektur: 11.- <br><br>Wachs Oberlippe: 10.- <br><br>Spezialampulle: 6.- <\/td><\/tr><tr><td class=\"has-text-align-left\" data-align=\"left\"><strong>Gesichtsbehandlungen<\/strong><\/td><\/tr><tr><td class=\"has-text-align-left\" data-align=\"left\"><strong>Reine Haut Behandlung:<\/strong> 60.- <br><em>Bei dieser Behandlung steht die Ausreinigung von Hautunreinheiten <\/em><br><em>im Vordergrund. Selbstverst\u00e4ndlich werden die Produkte exakt auf Ihren Hauttyp abgestimmt.<\/em><br><em><br>&#8211; Reinigung<br>&#8211; Peeling<br>&#8211; Dampf<br>&#8211; Ausreinigung von Unreinheiten<br>&#8211; Maske<br>&#8211; Abschlusspflege<\/em><br><em><br>Behandlungsdauer ca. 50 min<\/em><br><br><br><strong>G<span style=\"color:#127837\" class=\"has-inline-color\"><em>ute<\/em> <\/span>Zeit Behandlung: <\/strong>75.- <br><br><em>G\u00f6nnen Sie sich bei dieser Behandlung zus\u00e4tzlichen Luxus einer Gesichtsmassage.<br>Selbstverst\u00e4ndlich werden auch hier die Produkte exakt auf Ihren Hauttyp abgestimmt.<\/em><br><br><em>&#8211; Reinigung<br>&#8211; Peeling<br>&#8211; Dampf<br>&#8211; Ausreinigung von Unreinheiten<br>&#8211; Augenbrauenkorrektur<br>&#8211; Gesichtsmassage<br>&#8211; beruhigende Maske<br>&#8211; Abschlusspflege<\/em><br><br><em>Behandlungsdauer ca. 70 min<\/em><\/td><\/tr><tr><td class=\"has-text-align-left\" data-align=\"left\"><strong>Spezialbehandlungen<\/strong><br><em>Alle Spezialbehandlungen sind inklusive Augenbrauenkorrektur, Spezialampullen, Gesichts- und Dekollet\u00e9- Massage, Maske und Abschlusspflege<\/em><\/td><\/tr><tr><td class=\"has-text-align-left\" data-align=\"left\"><strong>Gelee Royal Behandlung:<\/strong> 95.- <br><br><em>Gelee Royal, das besondere Elixier der Bienenk\u00f6nigin, enth\u00e4lt viel wichtige Inhaltsstoffe wie Vitamine, Proteine, Aminos\u00e4uren und Spurenelemente, die zur Erfrischung und Revitalisierung Ihrer Haut f\u00fchren.<br><br>Behandlungsdauer ca. 90 min<\/em><br><br><br><strong>Hyaluron Seiden Behandlung:<\/strong> 95.-<br><br><em>Hyalurons\u00e4ure und Seidenproteine versorgen Ihre Haut mit einer Extra-Portion Feuchtigkeit. Die Haut wird glatt, geschmeidig und elastisch. Das Gewebe wird gestrafft und die Hautstruktur verbessert.<br><br>Behandlungsdauer ca. 90 min<\/em><br><br><br><strong>Jungbrunnen Behandlung: <\/strong>95.-<br><br><em>Diese Anti-Aging-Behandlung mit Ginkgo und Alginatmaske strafft und vitalisiert Ihre Haut nachhaltig.<br><br>Behandlungsdauer ca. 90 min<\/em><\/td><\/tr><tr><td class=\"has-text-align-left\" data-align=\"left\"><br><strong>Pflegebehandlungen<\/strong><\/td><\/tr><tr><td class=\"has-text-align-left\" data-align=\"left\"><strong>Teenager Behandlung: <\/strong>32.- <strong><br><\/strong><br><em>Die hormonelle Umstellung im K\u00f6rper von Teenagern verursacht h\u00e4ufig st\u00f6rende Hautunreinheiten bis hin zu Akne, die professioneller Behandlung bed\u00fcrfen.<br><br>&#8211; Reinigung<br>&#8211; Peeling<br>&#8211; gr\u00fcndliche Ausreinigung<br>&#8211; beruhigende Maske<br>&#8211; Abschlusspflege<br><br>Behandlungsdauer ca. 45 min<\/em><br><br><br><strong>Couperose-Rosacea Behandlung: <\/strong>75.- <br><br><em>Wirkstoffbehandlung bei empfindlicher Haut, die zu R\u00f6tungen und erweiterten \u00c4derchen neigt. Spezialampulle und Druckpunktmassage.<br><br>Behandlungsdauer ca. 50 min<\/em><\/td><\/tr><tr><td class=\"has-text-align-left\" data-align=\"left\"><strong>Gutscheine<\/strong><\/td><\/tr><tr><td class=\"has-text-align-left\" data-align=\"left\"><em>Gutscheine k\u00f6nnen Sie entweder als Wertgutscheine oder f\u00fcr eine bestimmte Behandlung ausstellen lassen.<\/em><\/td><\/tr><\/tbody><\/table><\/figure>\n<\/div><\/div>\n<\/div>\n<\/div>\n<\/div>\n<\/div>\n<\/div><\/div>\n\n\n\n<div class=\"wp-block-file aligncenter\"><a href=\"http:\/\/kosmetik-gutezeit-eggenstein.de\/wp-content\/uploads\/2024\/09\/Flyer-Leistungen-und-Preise.pdf\" target=\"_blank\" rel=\"noreferrer noopener\">Flyer-Leistungen-und-Preise<\/a><a href=\"http:\/\/kosmetik-gutezeit-eggenstein.de\/wp-content\/uploads\/2024\/09\/Flyer-Leistungen-und-Preise.pdf\" class=\"wp-block-file__button\" download>Herunterladen<\/a><\/div>\n\n\n\n<div class=\"wp-block-group\"><div class=\"wp-block-group__inner-container\"><\/div><\/div>\n\n\n\n<p> (Stand: Okt 2024 ) <\/p>\n","protected":false},"excerpt":{"rendered":"<p>Gutscheine aller Art erh\u00e4ltlich. F\u00fc\u00dfe und H\u00e4nde Pedik\u00fcre: 38.- Pedik\u00fcre mit Lack: 45.- Manik\u00fcre: 30.- Manik\u00fcre mit Lack: 35.- Dies und Das Wimpern f\u00e4rben: 13.- Augenbrauen f\u00e4rben: 13.- Wimpern &amp; Brauen f\u00e4rben: 20.- Augenbrauenkorrektur: 11.- Wachs Oberlippe: 10.- Spezialampulle: 6.- Gesichtsbehandlungen Reine Haut Behandlung: 60.- &hellip; <a href=\"https:\/\/kosmetik-gutezeit-eggenstein.de\/?page_id=54\" class=\"more-link\"><span>Continue reading<span class=\"screen-reader-text\">Leistungen &#038; Preise<\/span><\/span><\/a><\/p>\n","protected":false},"author":1,"featured_media":0,"parent":0,"menu_order":0,"comment_status":"closed","ping_status":"closed","template":"","meta":[],"_links":{"self":[{"href":"https:\/\/kosmetik-gutezeit-eggenstein.de\/index.php?rest_route=\/wp\/v2\/pages\/54"}],"collection":[{"href":"https:\/\/kosmetik-gutezeit-eggenstein.de\/index.php?rest_route=\/wp\/v2\/pages"}],"about":[{"href":"https:\/\/kosmetik-gutezeit-eggenstein.de\/index.php?rest_route=\/wp\/v2\/types\/page"}],"author":[{"embeddable":true,"href":"https:\/\/kosmetik-gutezeit-eggenstein.de\/index.php?rest_route=\/wp\/v2\/users\/1"}],"replies":[{"embeddable":true,"href":"https:\/\/kosmetik-gutezeit-eggenstein.de\/index.php?rest_route=%2Fwp%2Fv2%2Fcomments&post=54"}],"version-history":[{"count":79,"href":"https:\/\/kosmetik-gutezeit-eggenstein.de\/index.php?rest_route=\/wp\/v2\/pages\/54\/revisions"}],"predecessor-version":[{"id":276,"href":"https:\/\/kosmetik-gutezeit-eggenstein.de\/index.php?rest_route=\/wp\/v2\/pages\/54\/revisions\/276"}],"wp:attachment":[{"href":"https:\/\/kosmetik-gutezeit-eggenstein.de\/index.php?rest_route=%2Fwp%2Fv2%2Fmedia&parent=54"}],"curies":[{"name":"wp","href":"https:\/\/api.w.org\/{rel}","templated":true}]}}